{"id":15637,"date":"2022-11-15T14:23:54","date_gmt":"2022-11-15T13:23:54","guid":{"rendered":"https:\/\/www.transparentedge.eu\/sala-de-prensa\/"},"modified":"2025-02-13T12:30:02","modified_gmt":"2025-02-13T11:30:02","slug":"press-room","status":"publish","type":"page","link":"https:\/\/www.transparentedge.eu\/en\/press-room\/","title":{"rendered":"Press room"},"content":{"rendered":"\r\n    <style>\r\n        #apertura-blog-sp-48446 {\r\n                            background-image: url(https:\/\/www.transparentedge.eu\/wp-content\/uploads\/2022\/11\/back_s_prensa.png);\r\n                                        background-color: #002643;\r\n                                        color: #ffffff;\r\n                    }\r\n\r\n            <\/style>\r\n\r\n<section id=\"apertura-blog-sp-48446\" class=\"apertura-blog-sp apertura-blog-sp full-container\">\r\n    <div class=\"container\">\r\n        <div class=\"inner\">\r\n            <div class=\"inner-top\">\r\n                <div class=\"titles\">\r\n                                            <h1>PRESS ROOM<\/h1>\r\n                            \r\n                                            <div class=\"sub-title\"><p>Values are important. Take a look at the latest news about Transparent Edge and discover how we&#8217;re improving the Internet-defined world.<\/p>\n<\/div>\r\n                                    <\/div>\r\n\r\n                                    <div class=\"cta\">\r\n                        <a href=\"https:\/\/www.transparentedge.eu\/wp-content\/uploads\/2025\/02\/Press-Dossier.pdf\"  class=\"button white-button with-arrow\">Our Press Book<\/a>                    <\/div>\r\n                            <\/div>\r\n\r\n                            <div class=\"apertura-featured\">\r\n                    \r\n\r\n<article id=\"15858\" class=\"card card-post post-15858 featured\">\r\n            <div class=\"post-thumbnail 14712\">\r\n            <a href=\"https:\/\/www.transparentedge.eu\/en\/sala_prensa\/el-control-de-internet-en-ucrania-el-otro-territorio-que-ataca-rusia\/\" title=\"El control de Internet en Ucrania: el otro territorio que ataca Rusia\">\r\n                <img loading=\"lazy\" decoding=\"async\" width=\"394\" height=\"288\" src=\"https:\/\/www.transparentedge.eu\/wp-content\/uploads\/2022\/11\/logo_newtral-394x288.png\" class=\"attachment-featured-post size-featured-post\" alt=\"\" data-te-i3=\"1\" \/>            <\/a>\r\n        <\/div>\r\n    \r\n    <div class=\"info\">\r\n        <div class=\"post-date\">\r\n            01 Aug 22        <\/div>\r\n\r\n        <div class=\"post-excerpt-content\">\r\n            <a href=\"https:\/\/www.transparentedge.eu\/en\/sala_prensa\/el-control-de-internet-en-ucrania-el-otro-territorio-que-ataca-rusia\/\" title=\"El control de Internet en Ucrania: el otro territorio que ataca Rusia\">\r\n                <h2>El control de Internet en Ucrania: el otro territorio que ataca Rusia<\/h2>\r\n            <\/a>\r\n\r\n            <div class=\"excerpt\"><p>Desde el principio de la invasi\u00f3n, Rusia ataca tambi\u00e9n un frente de batalla que no &#8230;<\/div>\r\n        <\/div>\r\n\r\n                    <div class=\"post-categoria_prensa\">\r\n                Transparent Edge in the media            <\/div>\r\n            <\/div>\r\n<\/article>                <\/div>\r\n                    <\/div>\r\n    <\/div>\r\n<\/section>\n\n\r\n\r\n<section id=\"listado-blog-sp-16661\" class=\"listado-blog-sp listado-blog-sp\">\r\n    <div class=\"full-container\">\r\n        <div class=\"container filters-blog-invisibles\">\r\n\r\n                                    <a href=\"https:\/\/www.transparentedge.eu\/en\/press-room\/\" title=\"Transparent Edge in the media\" class=\"active\">Transparent Edge in the media<\/a>\r\n                                                <a href=\"https:\/\/www.transparentedge.eu\/en\/press-room\/press-releases-en\" title=\"Press-releases\" class=\"\">Press-releases<\/a>\r\n                        \r\n        <\/div>\r\n    <\/div>\r\n\r\n    <div class=\"full-container\">\r\n        <div class=\"container\">\r\n            \r\n                <div class=\"posts-sp-list\">\r\n\r\n                                            \r\n                        \r\n\r\n<article id=\"15857\" class=\"card card-post post-15857 \">\r\n            <div class=\"post-thumbnail 15394\">\r\n            <a href=\"https:\/\/www.transparentedge.eu\/en\/sala_prensa\/la-caida-de-whatsapp-muestra-el-caos-que-pueden-crear-las-superapps\/\" title=\"La ca\u00edda de WhatsApp muestra el caos que pueden crear las superapps\">\r\n                <img loading=\"lazy\" decoding=\"async\" width=\"320\" height=\"248\" src=\"https:\/\/www.transparentedge.eu\/wp-content\/uploads\/2022\/11\/el-confidencial-320x248.png\" class=\"attachment-list-post size-list-post\" alt=\"\" data-te-i3=\"1\" \/>            <\/a>\r\n        <\/div>\r\n    \r\n    <div class=\"info\">\r\n        <div class=\"post-date\">\r\n            26 Oct 22        <\/div>\r\n\r\n        <div class=\"post-excerpt-content\">\r\n            <a href=\"https:\/\/www.transparentedge.eu\/en\/sala_prensa\/la-caida-de-whatsapp-muestra-el-caos-que-pueden-crear-las-superapps\/\" title=\"La ca\u00edda de WhatsApp muestra el caos que pueden crear las superapps\">\r\n                <h3>La ca\u00edda de WhatsApp muestra el caos que pueden crear las superapps<\/h3>\r\n            <\/a>\r\n\r\n            <div class=\"excerpt\"><p>\u00bfQu\u00e9 ocurrir\u00eda si, adem\u00e1s de mandar mensajes, una app como WhatsApp se utilizase para pagar &#8230;<\/div>\r\n        <\/div>\r\n\r\n                    <div class=\"post-categoria_prensa\">\r\n                Transparent Edge in the media            <\/div>\r\n            <\/div>\r\n<\/article>                                            \r\n                        \r\n\r\n<article id=\"15859\" class=\"card card-post post-15859 \">\r\n            <div class=\"post-thumbnail 15416\">\r\n            <a href=\"https:\/\/www.transparentedge.eu\/en\/sala_prensa\/el-asturiano-que-evita-que-internet-se-caiga\/\" title=\"El asturiano que evita que Internet se caiga\">\r\n                <img loading=\"lazy\" decoding=\"async\" width=\"320\" height=\"248\" src=\"https:\/\/www.transparentedge.eu\/wp-content\/uploads\/2022\/11\/la-nueva-espan\u0303a-320x248.png\" class=\"attachment-list-post size-list-post\" alt=\"\" data-te-i3=\"1\" \/>            <\/a>\r\n        <\/div>\r\n    \r\n    <div class=\"info\">\r\n        <div class=\"post-date\">\r\n            10 May 22        <\/div>\r\n\r\n        <div class=\"post-excerpt-content\">\r\n            <a href=\"https:\/\/www.transparentedge.eu\/en\/sala_prensa\/el-asturiano-que-evita-que-internet-se-caiga\/\" title=\"El asturiano que evita que Internet se caiga\">\r\n                <h3>El asturiano que evita que Internet se caiga<\/h3>\r\n            <\/a>\r\n\r\n            <div class=\"excerpt\"><p>El director de Tecnolog\u00eda de Transparent Edge, Diego Su\u00e1rez, explica a lectores no t\u00e9cnicos &#8230;<\/div>\r\n        <\/div>\r\n\r\n                    <div class=\"post-categoria_prensa\">\r\n                Transparent Edge in the media            <\/div>\r\n            <\/div>\r\n<\/article>                                            \r\n                        \r\n\r\n<article id=\"15861\" class=\"card card-post post-15861 \">\r\n            <div class=\"post-thumbnail 14712\">\r\n            <a href=\"https:\/\/www.transparentedge.eu\/en\/sala_prensa\/https-www-newtral-es-guerra-de-informacion-rusia-ucrania-ciberataques-20220315\/\" title=\"El papel de internet en la invasi\u00f3n de Rusia a Ucrania: m\u00e1s guerra informativa que ciberguerra\">\r\n                <img loading=\"lazy\" decoding=\"async\" width=\"320\" height=\"248\" src=\"https:\/\/www.transparentedge.eu\/wp-content\/uploads\/2022\/11\/logo_newtral-320x248.png\" class=\"attachment-list-post size-list-post\" alt=\"\" data-te-i3=\"1\" \/>            <\/a>\r\n        <\/div>\r\n    \r\n    <div class=\"info\">\r\n        <div class=\"post-date\">\r\n            15 Mar 22        <\/div>\r\n\r\n        <div class=\"post-excerpt-content\">\r\n            <a href=\"https:\/\/www.transparentedge.eu\/en\/sala_prensa\/https-www-newtral-es-guerra-de-informacion-rusia-ucrania-ciberataques-20220315\/\" title=\"El papel de internet en la invasi\u00f3n de Rusia a Ucrania: m\u00e1s guerra informativa que ciberguerra\">\r\n                <h3>El papel de internet en la invasi\u00f3n de Rusia a Ucrania: m\u00e1s guerra informativa que ciberguerra<\/h3>\r\n            <\/a>\r\n\r\n            <div class=\"excerpt\"><p>La ciberguerra en la invasi\u00f3n de Rusia a Ucrania tiene m\u00e1s de propaganda y desinformaci\u00f3&#8230;<\/div>\r\n        <\/div>\r\n\r\n                    <div class=\"post-categoria_prensa\">\r\n                Transparent Edge in the media            <\/div>\r\n            <\/div>\r\n<\/article>                                            \r\n                        \r\n\r\n<article id=\"15862\" class=\"card card-post post-15862 \">\r\n            <div class=\"post-thumbnail 15396\">\r\n            <a href=\"https:\/\/www.transparentedge.eu\/en\/sala_prensa\/https-www-eldiario-es-tecnologia-rusia-mundo-ucrania-escenario-ciberguerra-global_1_8778231-html\/\" title=\"Rusia contra el mundo: Ucrania como escenario de ciberguerra global\">\r\n                <img loading=\"lazy\" decoding=\"async\" width=\"320\" height=\"248\" src=\"https:\/\/www.transparentedge.eu\/wp-content\/uploads\/2022\/11\/el-diario-320x248.png\" class=\"attachment-list-post size-list-post\" alt=\"\" data-te-i3=\"1\" \/>            <\/a>\r\n        <\/div>\r\n    \r\n    <div class=\"info\">\r\n        <div class=\"post-date\">\r\n            24 Feb 22        <\/div>\r\n\r\n        <div class=\"post-excerpt-content\">\r\n            <a href=\"https:\/\/www.transparentedge.eu\/en\/sala_prensa\/https-www-eldiario-es-tecnologia-rusia-mundo-ucrania-escenario-ciberguerra-global_1_8778231-html\/\" title=\"Rusia contra el mundo: Ucrania como escenario de ciberguerra global\">\r\n                <h3>Rusia contra el mundo: Ucrania como escenario de ciberguerra global<\/h3>\r\n            <\/a>\r\n\r\n            <div class=\"excerpt\"><p>En Ucrania no hay tropas de la OTAN ni de la UE, pero s\u00ed hay fuerzas internacionales &#8230;<\/div>\r\n        <\/div>\r\n\r\n                    <div class=\"post-categoria_prensa\">\r\n                Transparent Edge in the media            <\/div>\r\n            <\/div>\r\n<\/article>                                            \r\n                        \r\n\r\n<article id=\"15866\" class=\"card card-post post-15866 \">\r\n            <div class=\"post-thumbnail 14712\">\r\n            <a href=\"https:\/\/www.transparentedge.eu\/en\/sala_prensa\/la-internet-descentralizada-ilusion-o-quid-de-la-web3\/\" title=\"La internet descentralizada: ilusi\u00f3n o quid de la web3\">\r\n                <img loading=\"lazy\" decoding=\"async\" width=\"320\" height=\"248\" src=\"https:\/\/www.transparentedge.eu\/wp-content\/uploads\/2022\/11\/logo_newtral-320x248.png\" class=\"attachment-list-post size-list-post\" alt=\"\" data-te-i3=\"1\" \/>            <\/a>\r\n        <\/div>\r\n    \r\n    <div class=\"info\">\r\n        <div class=\"post-date\">\r\n            19 Jan 22        <\/div>\r\n\r\n        <div class=\"post-excerpt-content\">\r\n            <a href=\"https:\/\/www.transparentedge.eu\/en\/sala_prensa\/la-internet-descentralizada-ilusion-o-quid-de-la-web3\/\" title=\"La internet descentralizada: ilusi\u00f3n o quid de la web3\">\r\n                <h3>La internet descentralizada: ilusi\u00f3n o quid de la web3<\/h3>\r\n            <\/a>\r\n\r\n            <div class=\"excerpt\"><p>La web3 promete una internet descentralizada, pero por ahora muestra demasiadas se\u00f1ales de centralizaci\u00f3n y &#8230;<\/div>\r\n        <\/div>\r\n\r\n                    <div class=\"post-categoria_prensa\">\r\n                Transparent Edge in the media            <\/div>\r\n            <\/div>\r\n<\/article>                                            \r\n                        \r\n\r\n<article id=\"15867\" class=\"card card-post post-15867 \">\r\n            <div class=\"post-thumbnail 15398\">\r\n            <a href=\"https:\/\/www.transparentedge.eu\/en\/sala_prensa\/un-falsificador-y-el-nuevo-filon-de-los-pasaportes-covid\/\" title=\"Un falsificador y el nuevo fil\u00f3n de los pasaportes Covid\">\r\n                <img loading=\"lazy\" decoding=\"async\" width=\"320\" height=\"248\" src=\"https:\/\/www.transparentedge.eu\/wp-content\/uploads\/2022\/11\/el-independiente-320x248.png\" class=\"attachment-list-post size-list-post\" alt=\"\" data-te-i3=\"1\" \/>            <\/a>\r\n        <\/div>\r\n    \r\n    <div class=\"info\">\r\n        <div class=\"post-date\">\r\n            15 Jan 22        <\/div>\r\n\r\n        <div class=\"post-excerpt-content\">\r\n            <a href=\"https:\/\/www.transparentedge.eu\/en\/sala_prensa\/un-falsificador-y-el-nuevo-filon-de-los-pasaportes-covid\/\" title=\"Un falsificador y el nuevo fil\u00f3n de los pasaportes Covid\">\r\n                <h3>Un falsificador y el nuevo fil\u00f3n de los pasaportes Covid<\/h3>\r\n            <\/a>\r\n\r\n            <div class=\"excerpt\"><p>El director de Tecnolog\u00eda de Trasparent Edge, Diego Su\u00e1rez, detalla a El Independiente qu\u00e9 puede &#8230;<\/div>\r\n        <\/div>\r\n\r\n                    <div class=\"post-categoria_prensa\">\r\n                Transparent Edge in the media            <\/div>\r\n            <\/div>\r\n<\/article>                                            \r\n                        \r\n\r\n<article id=\"15868\" class=\"card card-post post-15868 \">\r\n            <div class=\"post-thumbnail 15402\">\r\n            <a href=\"https:\/\/www.transparentedge.eu\/en\/sala_prensa\/el-fontanero-de-internet\/\" title=\"El fontanero de Internet\">\r\n                <img loading=\"lazy\" decoding=\"async\" width=\"320\" height=\"248\" src=\"https:\/\/www.transparentedge.eu\/wp-content\/uploads\/2022\/11\/el-pais-semanal-320x248.png\" class=\"attachment-list-post size-list-post\" alt=\"\" data-te-i3=\"1\" \/>            <\/a>\r\n        <\/div>\r\n    \r\n    <div class=\"info\">\r\n        <div class=\"post-date\">\r\n            12 Jan 22        <\/div>\r\n\r\n        <div class=\"post-excerpt-content\">\r\n            <a href=\"https:\/\/www.transparentedge.eu\/en\/sala_prensa\/el-fontanero-de-internet\/\" title=\"El fontanero de Internet\">\r\n                <h3>El fontanero de Internet<\/h3>\r\n            <\/a>\r\n\r\n            <div class=\"excerpt\"><p>El CEO de Transparent Edge, Jorge Rom\u00e1n, explica en esta entrevista con el El Pa\u00eds &#8230;<\/div>\r\n        <\/div>\r\n\r\n                    <div class=\"post-categoria_prensa\">\r\n                Transparent Edge in the media            <\/div>\r\n            <\/div>\r\n<\/article>                                            \r\n                        \r\n\r\n<article id=\"15869\" class=\"card card-post post-15869 \">\r\n            <div class=\"post-thumbnail 15404\">\r\n            <a href=\"https:\/\/www.transparentedge.eu\/en\/sala_prensa\/el-monopolio-tecnologico-de-eeuu-debe-terminar\/\" title=\"El monopolio tecnol\u00f3gico de EEUU debe terminar\">\r\n                <img loading=\"lazy\" decoding=\"async\" width=\"320\" height=\"248\" src=\"https:\/\/www.transparentedge.eu\/wp-content\/uploads\/2022\/11\/el-pais-320x248.png\" class=\"attachment-list-post size-list-post\" alt=\"\" data-te-i3=\"1\" \/>            <\/a>\r\n        <\/div>\r\n    \r\n    <div class=\"info\">\r\n        <div class=\"post-date\">\r\n            12 Jan 22        <\/div>\r\n\r\n        <div class=\"post-excerpt-content\">\r\n            <a href=\"https:\/\/www.transparentedge.eu\/en\/sala_prensa\/el-monopolio-tecnologico-de-eeuu-debe-terminar\/\" title=\"El monopolio tecnol\u00f3gico de EEUU debe terminar\">\r\n                <h3>El monopolio tecnol\u00f3gico de EEUU debe terminar<\/h3>\r\n            <\/a>\r\n\r\n            <div class=\"excerpt\"><p>Jorge Rom\u00e1n, CEO de Transparent Edge, es una de las razones por las que, cuando haces &#8230;<\/div>\r\n        <\/div>\r\n\r\n                    <div class=\"post-categoria_prensa\">\r\n                Transparent Edge in the media            <\/div>\r\n            <\/div>\r\n<\/article>                                            \r\n                        \r\n\r\n<article id=\"15871\" class=\"card card-post post-15871 \">\r\n            <div class=\"post-thumbnail 15392\">\r\n            <a href=\"https:\/\/www.transparentedge.eu\/en\/sala_prensa\/transparent-edge-tiene-la-unica-cdn-espanola-que-compite-con-las-grandes-de-eeuu\/\" title=\"Transparent Edge tiene la \u00fanica CDN espa\u00f1ola que compite con las grandes de EEUU\">\r\n                <img loading=\"lazy\" decoding=\"async\" width=\"320\" height=\"248\" src=\"https:\/\/www.transparentedge.eu\/wp-content\/uploads\/2022\/11\/computing-320x248.png\" class=\"attachment-list-post size-list-post\" alt=\"\" data-te-i3=\"1\" \/>            <\/a>\r\n        <\/div>\r\n    \r\n    <div class=\"info\">\r\n        <div class=\"post-date\">\r\n            20 Dec 21        <\/div>\r\n\r\n        <div class=\"post-excerpt-content\">\r\n            <a href=\"https:\/\/www.transparentedge.eu\/en\/sala_prensa\/transparent-edge-tiene-la-unica-cdn-espanola-que-compite-con-las-grandes-de-eeuu\/\" title=\"Transparent Edge tiene la \u00fanica CDN espa\u00f1ola que compite con las grandes de EEUU\">\r\n                <h3>Transparent Edge tiene la \u00fanica CDN espa\u00f1ola que compite con las grandes de EEUU<\/h3>\r\n            <\/a>\r\n\r\n            <div class=\"excerpt\"><p>El CEO de Transparent Edge, Jorge Rom\u00e1n, explica en una entrevista con Computing la importancia del &#8230;<\/div>\r\n        <\/div>\r\n\r\n                    <div class=\"post-categoria_prensa\">\r\n                Transparent Edge in the media            <\/div>\r\n            <\/div>\r\n<\/article>                    \r\n                <\/div>\r\n\r\n                <div class=\"pagination--no-posts\">\r\n                            <div class=\"custom-pagination\">\r\n            <span aria-current=\"page\" class=\"page-numbers current\">1<\/span>\n<a class=\"page-numbers\" href=\"https:\/\/www.transparentedge.eu\/en\/wp-json\/wp\/v2\/pages\/15637\/page\/2\/#listado-blog-sp-16661\">2<\/a>\n<a class=\"page-numbers\" href=\"https:\/\/www.transparentedge.eu\/en\/wp-json\/wp\/v2\/pages\/15637\/page\/3\/#listado-blog-sp-16661\">3<\/a><a data-to=\"2\" class=\"arrow page-no\" title=\"\u00daltima p\u00e1gina\" href=\"https:\/\/www.transparentedge.eu\/en\/wp-json\/wp\/v2\/pages\/15637\/page\/2\"><img decoding=\"async\" src=\"https:\/\/www.transparentedge.eu\/wp-content\/themes\/transparent-edge-new\/assets\/img\/arrow-pagination.svg\"><\/a>        <\/div>\r\n                        <\/div>\r\n\r\n                            \r\n        <\/div>\r\n    <\/div>\r\n<\/section>\n\n\n<section id=\"destacado-texto-boton-81584\" class=\"destacado-texto-boton destacado-texto-boton big\">\n\t<div class=\"full-container\">\n\t\t<div class=\"inner\">\n\t\t\t<div class=\"text\">\n\t\t\t\t<h2>Are you a journalist?<\/h2>\n<p>Contact the Communications Department<\/p>\n\n\t\t\t\t\t\t\t\t\t<div class=\"wrapper-button\">\n\t\t\t\t\t\t<a href=\"https:\/\/www.transparentedge.eu\/en\/contacto-prensa\/\"  class=\"button with-arrow\">Contact us<\/a>\t\t\t\t\t<\/div>\n\t\t\t\t\t\t\t<\/div>\n\t\t<\/div>\n\t<\/div>\n<\/section>","protected":false},"excerpt":{"rendered":"","protected":false},"author":1,"featured_media":0,"parent":0,"menu_order":0,"comment_status":"closed","ping_status":"closed","template":"","meta":{"_acf_changed":false,"content-type":"","footnotes":""},"class_list":["post-15637","page","type-page","status-publish","hentry"],"acf":[],"yoast_head":"<!-- This site is optimized with the Yoast SEO plugin v27.4 - https:\/\/yoast.com\/product\/yoast-seo-wordpress\/ -->\n<title>Press room - Transparent Edge<\/title>\n<meta name=\"robots\" content=\"index, follow, max-snippet:-1, max-image-preview:large, max-video-preview:-1\" \/>\n<link rel=\"canonical\" href=\"https:\/\/www.transparentedge.eu\/en\/press-room\/\" \/>\n<meta property=\"og:locale\" content=\"en_US\" \/>\n<meta property=\"og:type\" content=\"article\" \/>\n<meta property=\"og:title\" content=\"Press room - Transparent Edge\" \/>\n<meta property=\"og:url\" content=\"https:\/\/www.transparentedge.eu\/en\/press-room\/\" \/>\n<meta property=\"og:site_name\" content=\"Transparent Edge\" \/>\n<meta property=\"article:modified_time\" content=\"2025-02-13T11:30:02+00:00\" \/>\n<meta property=\"og:image\" content=\"https:\/\/www.transparentedge.eu\/wp-content\/uploads\/2023\/07\/logotipo-social.jpg\" \/>\n\t<meta property=\"og:image:width\" content=\"1806\" \/>\n\t<meta property=\"og:image:height\" content=\"1144\" \/>\n\t<meta property=\"og:image:type\" content=\"image\/jpeg\" \/>\n<meta name=\"twitter:card\" content=\"summary_large_image\" \/>\n<meta name=\"twitter:site\" content=\"@tedgeservices\" \/>\n<script type=\"application\/ld+json\" class=\"yoast-schema-graph\">{\"@context\":\"https:\\\/\\\/schema.org\",\"@graph\":[{\"@type\":\"WebPage\",\"@id\":\"https:\\\/\\\/www.transparentedge.eu\\\/en\\\/press-room\\\/\",\"url\":\"https:\\\/\\\/www.transparentedge.eu\\\/en\\\/press-room\\\/\",\"name\":\"Press room - Transparent Edge\",\"isPartOf\":{\"@id\":\"https:\\\/\\\/www.transparentedge.eu\\\/#website\"},\"datePublished\":\"2022-11-15T13:23:54+00:00\",\"dateModified\":\"2025-02-13T11:30:02+00:00\",\"breadcrumb\":{\"@id\":\"https:\\\/\\\/www.transparentedge.eu\\\/en\\\/press-room\\\/#breadcrumb\"},\"inLanguage\":\"en-US\",\"potentialAction\":[{\"@type\":\"ReadAction\",\"target\":[\"https:\\\/\\\/www.transparentedge.eu\\\/en\\\/press-room\\\/\"]}]},{\"@type\":\"BreadcrumbList\",\"@id\":\"https:\\\/\\\/www.transparentedge.eu\\\/en\\\/press-room\\\/#breadcrumb\",\"itemListElement\":[{\"@type\":\"ListItem\",\"position\":1,\"name\":\"Portada\",\"item\":\"https:\\\/\\\/www.transparentedge.eu\\\/en\\\/\"},{\"@type\":\"ListItem\",\"position\":2,\"name\":\"Press room\"}]},{\"@type\":\"WebSite\",\"@id\":\"https:\\\/\\\/www.transparentedge.eu\\\/#website\",\"url\":\"https:\\\/\\\/www.transparentedge.eu\\\/\",\"name\":\"Transparent Edge\",\"description\":\"\",\"publisher\":{\"@id\":\"https:\\\/\\\/www.transparentedge.eu\\\/#organization\"},\"alternateName\":\"Transparent Edge\",\"potentialAction\":[{\"@type\":\"SearchAction\",\"target\":{\"@type\":\"EntryPoint\",\"urlTemplate\":\"https:\\\/\\\/www.transparentedge.eu\\\/?s={search_term_string}\"},\"query-input\":{\"@type\":\"PropertyValueSpecification\",\"valueRequired\":true,\"valueName\":\"search_term_string\"}}],\"inLanguage\":\"en-US\"},{\"@type\":\"Organization\",\"@id\":\"https:\\\/\\\/www.transparentedge.eu\\\/#organization\",\"name\":\"Transparent Edge Services\",\"alternateName\":\"Transparent Edge\",\"url\":\"https:\\\/\\\/www.transparentedge.eu\\\/\",\"logo\":{\"@type\":\"ImageObject\",\"inLanguage\":\"en-US\",\"@id\":\"https:\\\/\\\/www.transparentedge.eu\\\/#\\\/schema\\\/logo\\\/image\\\/\",\"url\":\"https:\\\/\\\/www.transparentedge.eu\\\/wp-content\\\/uploads\\\/2023\\\/07\\\/logotipo-cuadrado.jpg\",\"contentUrl\":\"https:\\\/\\\/www.transparentedge.eu\\\/wp-content\\\/uploads\\\/2023\\\/07\\\/logotipo-cuadrado.jpg\",\"width\":1328,\"height\":1180,\"caption\":\"Transparent Edge Services\"},\"image\":{\"@id\":\"https:\\\/\\\/www.transparentedge.eu\\\/#\\\/schema\\\/logo\\\/image\\\/\"},\"sameAs\":[\"https:\\\/\\\/x.com\\\/tedgeservices\",\"https:\\\/\\\/www.linkedin.com\\\/company\\\/transparent-edge\\\/\",\"https:\\\/\\\/www.youtube.com\\\/channel\\\/UC5zZoyZmiLGBTAdiFpj2xHA\\\/videos\"]}]}<\/script>\n<!-- \/ Yoast SEO plugin. -->","yoast_head_json":{"title":"Press room - Transparent Edge","robots":{"index":"index","follow":"follow","max-snippet":"max-snippet:-1","max-image-preview":"max-image-preview:large","max-video-preview":"max-video-preview:-1"},"canonical":"https:\/\/www.transparentedge.eu\/en\/press-room\/","og_locale":"en_US","og_type":"article","og_title":"Press room - Transparent Edge","og_url":"https:\/\/www.transparentedge.eu\/en\/press-room\/","og_site_name":"Transparent Edge","article_modified_time":"2025-02-13T11:30:02+00:00","og_image":[{"width":1806,"height":1144,"url":"https:\/\/www.transparentedge.eu\/wp-content\/uploads\/2023\/07\/logotipo-social.jpg","type":"image\/jpeg"}],"twitter_card":"summary_large_image","twitter_site":"@tedgeservices","schema":{"@context":"https:\/\/schema.org","@graph":[{"@type":"WebPage","@id":"https:\/\/www.transparentedge.eu\/en\/press-room\/","url":"https:\/\/www.transparentedge.eu\/en\/press-room\/","name":"Press room - Transparent Edge","isPartOf":{"@id":"https:\/\/www.transparentedge.eu\/#website"},"datePublished":"2022-11-15T13:23:54+00:00","dateModified":"2025-02-13T11:30:02+00:00","breadcrumb":{"@id":"https:\/\/www.transparentedge.eu\/en\/press-room\/#breadcrumb"},"inLanguage":"en-US","potentialAction":[{"@type":"ReadAction","target":["https:\/\/www.transparentedge.eu\/en\/press-room\/"]}]},{"@type":"BreadcrumbList","@id":"https:\/\/www.transparentedge.eu\/en\/press-room\/#breadcrumb","itemListElement":[{"@type":"ListItem","position":1,"name":"Portada","item":"https:\/\/www.transparentedge.eu\/en\/"},{"@type":"ListItem","position":2,"name":"Press room"}]},{"@type":"WebSite","@id":"https:\/\/www.transparentedge.eu\/#website","url":"https:\/\/www.transparentedge.eu\/","name":"Transparent Edge","description":"","publisher":{"@id":"https:\/\/www.transparentedge.eu\/#organization"},"alternateName":"Transparent Edge","potentialAction":[{"@type":"SearchAction","target":{"@type":"EntryPoint","urlTemplate":"https:\/\/www.transparentedge.eu\/?s={search_term_string}"},"query-input":{"@type":"PropertyValueSpecification","valueRequired":true,"valueName":"search_term_string"}}],"inLanguage":"en-US"},{"@type":"Organization","@id":"https:\/\/www.transparentedge.eu\/#organization","name":"Transparent Edge Services","alternateName":"Transparent Edge","url":"https:\/\/www.transparentedge.eu\/","logo":{"@type":"ImageObject","inLanguage":"en-US","@id":"https:\/\/www.transparentedge.eu\/#\/schema\/logo\/image\/","url":"https:\/\/www.transparentedge.eu\/wp-content\/uploads\/2023\/07\/logotipo-cuadrado.jpg","contentUrl":"https:\/\/www.transparentedge.eu\/wp-content\/uploads\/2023\/07\/logotipo-cuadrado.jpg","width":1328,"height":1180,"caption":"Transparent Edge Services"},"image":{"@id":"https:\/\/www.transparentedge.eu\/#\/schema\/logo\/image\/"},"sameAs":["https:\/\/x.com\/tedgeservices","https:\/\/www.linkedin.com\/company\/transparent-edge\/","https:\/\/www.youtube.com\/channel\/UC5zZoyZmiLGBTAdiFpj2xHA\/videos"]}]}},"_links":{"self":[{"href":"https:\/\/www.transparentedge.eu\/en\/wp-json\/wp\/v2\/pages\/15637","targetHints":{"allow":["GET"]}}],"collection":[{"href":"https:\/\/www.transparentedge.eu\/en\/wp-json\/wp\/v2\/pages"}],"about":[{"href":"https:\/\/www.transparentedge.eu\/en\/wp-json\/wp\/v2\/types\/page"}],"author":[{"embeddable":true,"href":"https:\/\/www.transparentedge.eu\/en\/wp-json\/wp\/v2\/users\/1"}],"replies":[{"embeddable":true,"href":"https:\/\/www.transparentedge.eu\/en\/wp-json\/wp\/v2\/comments?post=15637"}],"version-history":[{"count":10,"href":"https:\/\/www.transparentedge.eu\/en\/wp-json\/wp\/v2\/pages\/15637\/revisions"}],"predecessor-version":[{"id":20497,"href":"https:\/\/www.transparentedge.eu\/en\/wp-json\/wp\/v2\/pages\/15637\/revisions\/20497"}],"wp:attachment":[{"href":"https:\/\/www.transparentedge.eu\/en\/wp-json\/wp\/v2\/media?parent=15637"}],"curies":[{"name":"wp","href":"https:\/\/api.w.org\/{rel}","templated":true}]}}